{"id":2604,"date":"2022-03-30T12:54:30","date_gmt":"2022-03-30T12:54:30","guid":{"rendered":"https:\/\/kft-alapitas.info\/tc-gdpr\/"},"modified":"2022-07-20T06:37:36","modified_gmt":"2022-07-20T06:37:36","slug":"tc-gdpr","status":"publish","type":"page","link":"https:\/\/kft-alapitas.info\/en\/tc-gdpr\/","title":{"rendered":"T&amp;C\/GDPR"},"content":{"rendered":"\t\t<div data-elementor-type=\"wp-page\" data-elementor-id=\"2604\" class=\"elementor elementor-2604 elementor-32\">\n\t\t\t\t\t\t\t\t\t<section class=\"elementor-section elementor-top-section elementor-element elementor-element-b0c1777 elementor-section-boxed elementor-section-height-default elementor-section-height-default\" data-id=\"b0c1777\" data-element_type=\"section\" data-settings=\"{&quot;background_background&quot;:&quot;gradient&quot;,&quot;shape_divider_bottom&quot;:&quot;curve&quot;,&quot;shape_divider_bottom_negative&quot;:&quot;yes&quot;}\">\n\t\t\t\t\t\t\t<div class=\"elementor-background-overlay\"><\/div>\n\t\t\t\t\t\t<div class=\"elementor-shape elementor-shape-bottom\" data-negative=\"true\">\n\t\t\t<svg xmlns=\"http:\/\/www.w3.org\/2000\/svg\" viewBox=\"0 0 1000 100\" preserveAspectRatio=\"none\">\n\t<path class=\"elementor-shape-fill\" d=\"M500,97C126.7,96.3,0.8,19.8,0,0v100l1000,0V1C1000,19.4,873.3,97.8,500,97z\"\/>\n<\/svg>\t\t<\/div>\n\t\t\t\t\t<div class=\"elementor-container elementor-column-gap-extended\">\n\t\t\t\t\t<div class=\"elementor-column elementor-col-50 elementor-top-column elementor-element elementor-element-6bae116\" data-id=\"6bae116\" data-element_type=\"column\" data-settings=\"{&quot;background_background&quot;:&quot;classic&quot;}\">\n\t\t\t<div class=\"elementor-widget-wrap elementor-element-populated\">\n\t\t\t\t\t\t\t\t<div class=\"elementor-element elementor-element-39314cd elementor-widget elementor-widget-heading\" data-id=\"39314cd\" data-element_type=\"widget\" data-settings=\"{&quot;_animation&quot;:&quot;none&quot;,&quot;_animation_delay&quot;:100}\" data-widget_type=\"heading.default\">\n\t\t\t\t<div class=\"elementor-widget-container\">\n\t\t\t<style>\/*! elementor - v3.6.1 - 23-03-2022 *\/\n.elementor-heading-title{padding:0;margin:0;line-height:1}.elementor-widget-heading .elementor-heading-title[class*=elementor-size-]>a{color:inherit;font-size:inherit;line-height:inherit}.elementor-widget-heading .elementor-heading-title.elementor-size-small{font-size:15px}.elementor-widget-heading .elementor-heading-title.elementor-size-medium{font-size:19px}.elementor-widget-heading .elementor-heading-title.elementor-size-large{font-size:29px}.elementor-widget-heading .elementor-heading-title.elementor-size-xl{font-size:39px}.elementor-widget-heading .elementor-heading-title.elementor-size-xxl{font-size:59px}<\/style><h1 class=\"elementor-heading-title elementor-size-default\">Our services related to company procedure are available in two offices and online:\n<\/h1>\t\t<\/div>\n\t\t\t\t<\/div>\n\t\t\t\t<div class=\"elementor-element elementor-element-1d386c0 elementor-widget elementor-widget-global elementor-global-2446 elementor-global-1912 elementor-widget-text-editor\" data-id=\"1d386c0\" data-element_type=\"widget\" data-widget_type=\"text-editor.default\">\n\t\t\t\t<div class=\"elementor-widget-container\">\n\t\t\t<style>\/*! elementor - v3.6.1 - 23-03-2022 *\/\n.elementor-widget-text-editor.elementor-drop-cap-view-stacked .elementor-drop-cap{background-color:#818a91;color:#fff}.elementor-widget-text-editor.elementor-drop-cap-view-framed .elementor-drop-cap{color:#818a91;border:3px solid;background-color:transparent}.elementor-widget-text-editor:not(.elementor-drop-cap-view-default) .elementor-drop-cap{margin-top:8px}.elementor-widget-text-editor:not(.elementor-drop-cap-view-default) .elementor-drop-cap-letter{width:1em;height:1em}.elementor-widget-text-editor .elementor-drop-cap{float:left;text-align:center;line-height:1;font-size:50px}.elementor-widget-text-editor .elementor-drop-cap-letter{display:inline-block}<\/style>\t\t\t\t<ul><li><span style=\"color: #ffffff;\"><a style=\"color: #ffffff;\" href=\"\/#jogi\">Kft. (similar to LTD or LLC in meaning), Bt. company formation<\/a><\/span> &#8211; <b><span style=\"color: #f9ff6a; font-weight: bold; font-size: 20px;\">19.900 HUF <\/span><\/b><span style=\"font-size: 15px;\">(no VAT)<\/span><\/li><li><span style=\"color: #ffffff;\"><a style=\"color: #ffffff;\" href=\"https:\/\/kft-alapitas.info\/en\/online-company-administration\/\" target=\"_blank\" rel=\"noopener\">Online c\u00e9galap\u00edt\u00e1s Skype-on<\/a> &#8211; <b><span style=\"color: #f9ff6a; font-weight: bold; font-size: 20px;\">19.900 Ft <\/span><\/b><span style=\"font-size: 15px;\">(nincs \u00c1FA)<\/span><\/span><\/li><li><span style=\"color: #ffffff;\"><a style=\"color: #ffffff;\" href=\"https:\/\/kft-alapitas.info\/en\/company-modification\/\">Kft., Bt. company modification<\/a><\/span> &#8211; <b><span style=\"color: #f9ff6a; font-weight: bold; font-size: 20px;\">23.900 HUF<\/span><\/b> <span style=\"font-size: 15px;\">(no VAT)<\/span><\/li><li><span style=\"color: #ffffff;\"><a style=\"color: #ffffff;\" href=\"https:\/\/kft-alapitas.info\/en\/company-modification\/\">Kft., Bt. transfer of shares<\/a><\/span> &#8211; <b><span style=\"color: #f9ff6a; font-weight: bold; font-size: 20px;\">33.900 HUF<\/span><\/b> <span style=\"font-size: 15px;\">(no VAT)<\/span><\/li><li><span style=\"color: #ffffff;\"><a style=\"color: #ffffff;\" href=\"https:\/\/kft-alapitas.info\/en\/free-company-formation\/\">Learn about our services<\/a><\/span><\/li><\/ul>\t\t\t\t\t\t<\/div>\n\t\t\t\t<\/div>\n\t\t\t\t<div class=\"elementor-element elementor-element-7b64373 elementor-align-left elementor-mobile-align-justify elementor-widget elementor-widget-button\" data-id=\"7b64373\" data-element_type=\"widget\" data-settings=\"{&quot;_animation&quot;:&quot;none&quot;,&quot;_animation_delay&quot;:300}\" data-widget_type=\"button.default\">\n\t\t\t\t<div class=\"elementor-widget-container\">\n\t\t\t\t\t<div class=\"elementor-button-wrapper\">\n\t\t\t<a href=\"#service\" class=\"elementor-button-link elementor-button elementor-size-lg\" role=\"button\">\n\t\t\t\t\t\t<span class=\"elementor-button-content-wrapper\">\n\t\t\t\t\t\t<span class=\"elementor-button-text\">Learn about our services<\/span>\n\t\t<\/span>\n\t\t\t\t\t<\/a>\n\t\t<\/div>\n\t\t\t\t<\/div>\n\t\t\t\t<\/div>\n\t\t\t\t\t<\/div>\n\t\t<\/div>\n\t\t\t\t<div class=\"elementor-column elementor-col-50 elementor-top-column elementor-element elementor-element-03ed801\" data-id=\"03ed801\" data-element_type=\"column\" data-settings=\"{&quot;background_background&quot;:&quot;classic&quot;}\">\n\t\t\t<div class=\"elementor-widget-wrap elementor-element-populated\">\n\t\t\t\t\t\t\t\t<div class=\"elementor-element elementor-element-2c7c290 elementor-widget elementor-widget-heading\" data-id=\"2c7c290\" data-element_type=\"widget\" data-settings=\"{&quot;_animation&quot;:&quot;none&quot;,&quot;_animation_delay&quot;:100}\" data-widget_type=\"heading.default\">\n\t\t\t\t<div class=\"elementor-widget-container\">\n\t\t\t<h2 class=\"elementor-heading-title elementor-size-default\">Find out our terms and conditions and GDPR policy below or ask our customer service team a question.\n<\/h2>\t\t<\/div>\n\t\t\t\t<\/div>\n\t\t\t\t<div class=\"elementor-element elementor-element-3bd4bca elementor-align-left elementor-mobile-align-justify elementor-hidden-mobile elementor-widget elementor-widget-button\" data-id=\"3bd4bca\" data-element_type=\"widget\" data-settings=\"{&quot;_animation&quot;:&quot;none&quot;,&quot;_animation_delay&quot;:300}\" data-widget_type=\"button.default\">\n\t\t\t\t<div class=\"elementor-widget-container\">\n\t\t\t\t\t<div class=\"elementor-button-wrapper\">\n\t\t\t<a href=\"#contact\" class=\"elementor-button-link elementor-button elementor-size-lg\" role=\"button\">\n\t\t\t\t\t\t<span class=\"elementor-button-content-wrapper\">\n\t\t\t\t\t\t<span class=\"elementor-button-text\">Contact<\/span>\n\t\t<\/span>\n\t\t\t\t\t<\/a>\n\t\t<\/div>\n\t\t\t\t<\/div>\n\t\t\t\t<\/div>\n\t\t\t\t<div class=\"elementor-element elementor-element-575e6cb elementor-align-left elementor-mobile-align-justify elementor-hidden-desktop elementor-hidden-tablet elementor-widget elementor-widget-button\" data-id=\"575e6cb\" data-element_type=\"widget\" data-settings=\"{&quot;_animation&quot;:&quot;none&quot;,&quot;_animation_delay&quot;:300}\" data-widget_type=\"button.default\">\n\t\t\t\t<div class=\"elementor-widget-container\">\n\t\t\t\t\t<div class=\"elementor-button-wrapper\">\n\t\t\t<a href=\"#mobil-kapcsolat\" class=\"elementor-button-link elementor-button elementor-size-lg\" role=\"button\">\n\t\t\t\t\t\t<span class=\"elementor-button-content-wrapper\">\n\t\t\t\t\t\t<span class=\"elementor-button-text\">Contact<\/span>\n\t\t<\/span>\n\t\t\t\t\t<\/a>\n\t\t<\/div>\n\t\t\t\t<\/div>\n\t\t\t\t<\/div>\n\t\t\t\t\t<\/div>\n\t\t<\/div>\n\t\t\t\t\t\t\t<\/div>\n\t\t<\/section>\n\t\t\t\t<section class=\"elementor-section elementor-top-section elementor-element elementor-element-57eefca elementor-section-boxed elementor-section-height-default elementor-section-height-default\" data-id=\"57eefca\" data-element_type=\"section\">\n\t\t\t\t\t\t<div class=\"elementor-container elementor-column-gap-default\">\n\t\t\t\t\t<div class=\"elementor-column elementor-col-100 elementor-top-column elementor-element elementor-element-24ff469\" data-id=\"24ff469\" data-element_type=\"column\">\n\t\t\t<div class=\"elementor-widget-wrap elementor-element-populated\">\n\t\t\t\t\t\t\t\t<div class=\"elementor-element elementor-element-7b96061 elementor-widget elementor-widget-heading\" data-id=\"7b96061\" data-element_type=\"widget\" id=\"szolgaltatas\" data-widget_type=\"heading.default\">\n\t\t\t\t<div class=\"elementor-widget-container\">\n\t\t\t<h2 class=\"elementor-heading-title elementor-size-default\">Download the general terms and conditions (in force):\n<\/h2>\t\t<\/div>\n\t\t\t\t<\/div>\n\t\t\t\t<div class=\"elementor-element elementor-element-ab5229e elementor-widget elementor-widget-text-editor\" data-id=\"ab5229e\" data-element_type=\"widget\" data-widget_type=\"text-editor.default\">\n\t\t\t\t<div class=\"elementor-widget-container\">\n\t\t\t\t\t\t\t<p><a href=\"\/wp-content\/uploads\/2022\/04\/106_ASZF_2013_02_01.pdf\" target=\"_blank\" style=\"background-color: rgb(255, 255, 255);\">106_ASZF_2013_02_01.pdf<\/a><\/p>\n<p><a href=\"\/wp-content\/uploads\/2022\/04\/107_Adat_modositas_2013_02_01.pdf\" target=\"_blank\" style=\"background-color: rgb(255, 255, 255);\">107_Adat_modositas_2013_02_01.pdf<\/a><\/p>\n<p><a href=\"\/wp-content\/uploads\/2022\/04\/ASZF_Konyveles_2013_01_01.pdf\" target=\"_blank\" style=\"background-color: rgb(255, 255, 255);\">ASZF_Konyveles_2013_01_01.pdf<\/a><\/p>\n<p><a href=\"\/wp-content\/uploads\/2022\/04\/ASZF_2016.07.01_Cegszolgalat.pdf\" target=\"_blank\" style=\"background-color: rgb(255, 255, 255);\">ASZF_2016.07.01_Cegszolgalat.pdf<\/a><\/p>\n<p><a href=\"\/wp-content\/uploads\/2022\/04\/ASZF_2017.07.01_Cegszolgalat.pdf\" target=\"_blank\" style=\"background-color: rgb(255, 255, 255);\">ASZF_2017.07.01_Cegszolgalat.pdf<\/a><\/p>\n<p><a href=\"\/wp-content\/uploads\/2022\/04\/ASZF_CSZ_20190201.pdf\" target=\"_blank\" style=\"background-color: rgb(255, 255, 255);\">ASZF_CSZ_20190201.pdf<\/a><\/p>\n<p><a href=\"\/wp-content\/uploads\/2022\/04\/ASZF_2016.07.01_Cegalapito.pdf\" target=\"_blank\" style=\"background-color: rgb(255, 255, 255);\">ASZF_2016.07.01_Cegalapito.pdf<\/a><\/p>\n<p><a href=\"\/wp-content\/uploads\/2022\/04\/ASZF_2017.07.01_Cegalapito.pdf\" target=\"_blank\" style=\"background-color: rgb(255, 255, 255);\">ASZF_2017.07.01_Cegalapito.pdf<\/a><\/p>\n<p><a href=\"\/wp-content\/uploads\/2022\/04\/ASZF_CA_20190201.pdf\" target=\"_blank\" style=\"background-color: rgb(255, 255, 255);\">ASZF_CA_20190201.pdf<\/a><\/p>\n<p><a href=\"\/wp-content\/uploads\/2022\/04\/GDPR_2018_05_25.pdf\" target=\"_blank\">GDPR_2018_05_25.pdf<\/a><br><\/p>\t\t\t\t\t\t<\/div>\n\t\t\t\t<\/div>\n\t\t\t\t\t<\/div>\n\t\t<\/div>\n\t\t\t\t\t\t\t<\/div>\n\t\t<\/section>\n\t\t\t\t\t\t\t<\/div>\n\t\t","protected":false},"excerpt":{"rendered":"<p>Our services related to company procedure are available in two offices and online: Kft., Bt. c\u00e9galap\u00edt\u00e1s &#8211; 16.900 Ft (nincs \u00c1FA) Online c\u00e9galap\u00edt\u00e1s Skype-on\u00a0&#8211; 16.900 Ft (nincs \u00c1FA) Kft., Bt. c\u00e9gm\u00f3dos\u00edt\u00e1s &#8211; 19.000 Ft (nincs \u00c1FA) Kft., Bt. \u00fczletr\u00e9sz \u00e1truh\u00e1z\u00e1s &#8211; 29.900 Ft (nincs \u00c1FA) Tudjon meg t\u00f6bbet akci\u00f3inkr\u00f3l Learn about our services Find out [&hellip;]<\/p>\n","protected":false},"author":1,"featured_media":0,"parent":0,"menu_order":0,"comment_status":"closed","ping_status":"closed","template":"elementor_header_footer","meta":[],"aioseo_notices":[],"_links":{"self":[{"href":"https:\/\/kft-alapitas.info\/en\/wp-json\/wp\/v2\/pages\/2604"}],"collection":[{"href":"https:\/\/kft-alapitas.info\/en\/wp-json\/wp\/v2\/pages"}],"about":[{"href":"https:\/\/kft-alapitas.info\/en\/wp-json\/wp\/v2\/types\/page"}],"author":[{"embeddable":true,"href":"https:\/\/kft-alapitas.info\/en\/wp-json\/wp\/v2\/users\/1"}],"replies":[{"embeddable":true,"href":"https:\/\/kft-alapitas.info\/en\/wp-json\/wp\/v2\/comments?post=2604"}],"version-history":[{"count":3,"href":"https:\/\/kft-alapitas.info\/en\/wp-json\/wp\/v2\/pages\/2604\/revisions"}],"predecessor-version":[{"id":2607,"href":"https:\/\/kft-alapitas.info\/en\/wp-json\/wp\/v2\/pages\/2604\/revisions\/2607"}],"wp:attachment":[{"href":"https:\/\/kft-alapitas.info\/en\/wp-json\/wp\/v2\/media?parent=2604"}],"curies":[{"name":"wp","href":"https:\/\/api.w.org\/{rel}","templated":true}]}}